{"id":64,"date":"2022-03-27T20:03:25","date_gmt":"2022-03-27T20:03:25","guid":{"rendered":"https:\/\/sv-oostal.de\/?page_id=64"},"modified":"2022-03-27T20:03:54","modified_gmt":"2022-03-27T20:03:54","slug":"schiessstaende","status":"publish","type":"page","link":"https:\/\/sv-oostal.de\/?page_id=64","title":{"rendered":"Schie\u00dfst\u00e4nde"},"content":{"rendered":"\n<h5>Gewehrstand 50m &#8211; 6 Schie\u00dfpl\u00e4tze<\/h5>\n\n\n\n<figure class=\"wp-block-image size-large\"><img loading=\"lazy\" width=\"1024\" height=\"683\" src=\"https:\/\/sv-oostal.de\/wp-content\/uploads\/2022\/03\/20220327_SV-Oostal_04944-1024x683.jpg\" alt=\"\" class=\"wp-image-66\" srcset=\"https:\/\/sv-oostal.de\/wp-content\/uploads\/2022\/03\/20220327_SV-Oostal_04944-1024x683.jpg 1024w, https:\/\/sv-oostal.de\/wp-content\/uploads\/2022\/03\/20220327_SV-Oostal_04944-300x200.jpg 300w, https:\/\/sv-oostal.de\/wp-content\/uploads\/2022\/03\/20220327_SV-Oostal_04944-768x512.jpg 768w, https:\/\/sv-oostal.de\/wp-content\/uploads\/2022\/03\/20220327_SV-Oostal_04944-1536x1024.jpg 1536w, https:\/\/sv-oostal.de\/wp-content\/uploads\/2022\/03\/20220327_SV-Oostal_04944-2048x1365.jpg 2048w\" sizes=\"(max-width: 767px) 89vw, (max-width: 1000px) 54vw, (max-width: 1071px) 543px, 580px\" \/><\/figure>\n\n\n\n<h5>Luftgewehr + Luftpistole 10m &#8211; 10 Schie\u00dfpl\u00e4tze<\/h5>\n\n\n\n<figure class=\"wp-block-image size-large\"><img loading=\"lazy\" width=\"1024\" height=\"683\" src=\"https:\/\/sv-oostal.de\/wp-content\/uploads\/2022\/03\/20220327_SV-Oostal_04948-1024x683.jpg\" alt=\"\" class=\"wp-image-65\" srcset=\"https:\/\/sv-oostal.de\/wp-content\/uploads\/2022\/03\/20220327_SV-Oostal_04948-1024x683.jpg 1024w, https:\/\/sv-oostal.de\/wp-content\/uploads\/2022\/03\/20220327_SV-Oostal_04948-300x200.jpg 300w, https:\/\/sv-oostal.de\/wp-content\/uploads\/2022\/03\/20220327_SV-Oostal_04948-768x512.jpg 768w, https:\/\/sv-oostal.de\/wp-content\/uploads\/2022\/03\/20220327_SV-Oostal_04948-1536x1024.jpg 1536w, https:\/\/sv-oostal.de\/wp-content\/uploads\/2022\/03\/20220327_SV-Oostal_04948-2048x1365.jpg 2048w\" sizes=\"(max-width: 767px) 89vw, (max-width: 1000px) 54vw, (max-width: 1071px) 543px, 580px\" \/><\/figure>\n\n\n\n<h5>Pistolenstand 25m &#8211; 9 St\u00e4nde (Klein- und Gro\u00dfkaliber)<\/h5>\n\n\n\n<figure class=\"wp-block-image size-full\"><img loading=\"lazy\" width=\"750\" height=\"316\" src=\"https:\/\/sv-oostal.de\/wp-content\/uploads\/2022\/03\/PiStand.jpg\" alt=\"\" class=\"wp-image-67\" srcset=\"https:\/\/sv-oostal.de\/wp-content\/uploads\/2022\/03\/PiStand.jpg 750w, https:\/\/sv-oostal.de\/wp-content\/uploads\/2022\/03\/PiStand-300x126.jpg 300w\" sizes=\"(max-width: 706px) 89vw, (max-width: 767px) 82vw, 740px\" \/><\/figure>\n","protected":false},"excerpt":{"rendered":"<p>Gewehrstand 50m &#8211; 6 Schie\u00dfpl\u00e4tze Luftgewehr + Luftpistole 10m &#8211; 10 Schie\u00dfpl\u00e4tze Pistolenstand 25m &#8211; 9 St\u00e4nde (Klein- und Gro\u00dfkaliber)<\/p>\n","protected":false},"author":1,"featured_media":0,"parent":0,"menu_order":0,"comment_status":"closed","ping_status":"closed","template":"","meta":[],"_links":{"self":[{"href":"https:\/\/sv-oostal.de\/index.php?rest_route=\/wp\/v2\/pages\/64"}],"collection":[{"href":"https:\/\/sv-oostal.de\/index.php?rest_route=\/wp\/v2\/pages"}],"about":[{"href":"https:\/\/sv-oostal.de\/index.php?rest_route=\/wp\/v2\/types\/page"}],"author":[{"embeddable":true,"href":"https:\/\/sv-oostal.de\/index.php?rest_route=\/wp\/v2\/users\/1"}],"replies":[{"embeddable":true,"href":"https:\/\/sv-oostal.de\/index.php?rest_route=%2Fwp%2Fv2%2Fcomments&post=64"}],"version-history":[{"count":2,"href":"https:\/\/sv-oostal.de\/index.php?rest_route=\/wp\/v2\/pages\/64\/revisions"}],"predecessor-version":[{"id":70,"href":"https:\/\/sv-oostal.de\/index.php?rest_route=\/wp\/v2\/pages\/64\/revisions\/70"}],"wp:attachment":[{"href":"https:\/\/sv-oostal.de\/index.php?rest_route=%2Fwp%2Fv2%2Fmedia&parent=64"}],"curies":[{"name":"wp","href":"https:\/\/api.w.org\/{rel}","templated":true}]}}