{"id":38,"date":"2022-03-27T19:07:04","date_gmt":"2022-03-27T19:07:04","guid":{"rendered":"https:\/\/sv-oostal.de\/?page_id=38"},"modified":"2025-11-17T08:31:04","modified_gmt":"2025-11-17T08:31:04","slug":"wir-ueber-uns","status":"publish","type":"page","link":"https:\/\/sv-oostal.de\/?page_id=38","title":{"rendered":"Wir \u00fcber uns"},"content":{"rendered":"\n<p>Der Sch\u00fctzenverein Oostal 1905 Baden-Baden e. V.  ist gemeinn\u00fctzig und Mitglied im &#8222;Sch\u00fctzenkreis 1 Mittelbaden\u201c, \u00fcbergeordnet im S\u00fcdbadischen Sportsch\u00fctzenverband (SBSV) und im Deutschen Sch\u00fctzenbund (DSB), dem Dachverband der deutschen Sportsch\u00fctzen. Mit \u00fcber knapp 100 Mitgliedern ist der SV Oostal einer der sechs Baden-Badener Sch\u00fctzenvereine. <\/p>\n\n\n\n<h5><strong>ANSCHRIFT&nbsp;<\/strong><\/h5>\n\n\n\n<p>Sch\u00fctzenverein Oostal 1905 Baden-Baden e. V.<br>Steinbruchweg 20<br>76534 Baden-Baden<br>Telefon: +49(0)7221 9760920<\/p>\n\n\n\n<p>E-Mail:&nbsp;info (at) sv-oostal.de<\/p>\n\n\n\n<h5><strong>\u00d6FFNUNGSZEITEN VEREINSB\u00dcRO UND TRAININGSZEITEN<\/strong><\/h5>\n\n\n\n<p>Mittwochs: 19:00 bis 21:00 Uhr<br>Sonntags: 10:00 bis 12:30 Uhr<\/p>\n\n\n\n<h5><strong>DISZIPLINEN<\/strong><\/h5>\n\n\n\n<p>50 m Kleinkaliber, sechs St\u00e4nde<br>10 m Luftgewehr, neun St\u00e4nde (Halle)<br>10 m Luftpistole, neun St\u00e4nde (Halle)<br>25 m Sportpistole Kleinkaliber, neun St\u00e4nde (Halle)<br>25 m Sportpistole Gro\u00dfkaliber, neun St\u00e4nde (Halle)<\/p>\n\n\n\n<h5><strong>Vorstand<\/strong><\/h5>\n\n\n\n<p>Obersch\u00fctzenmeister (1. Vorsitzender): Michael Bauer<br>Sch\u00fctzenmeister (2. Vorsitzender): Martin W. Schr\u00f6der<br>Schatzmeister: Martin W. Schr\u00f6der<br>Schriftf\u00fchrerin: Petra Gerstner-Schr\u00f6der<br>Schie\u00dfleiter: Martin Riecke<br>Jugendleiter: Vladimir Golovtchiner<br><\/p>\n\n\n\n<h5><strong>Beirat<\/strong><\/h5>\n\n\n\n<p>KK-Referent:\u00a0Thomas Kriston<br>LG-Referent:\u00a0Wolfgang Fischer<br>Pistolenreferent: Michael C. Oertel<br>Altersreferent: Roland M\u00fchleisen<br>Beisitzerin: Dorothee M\u00fchleisen<\/p>\n\n\n\n<p><br><strong>Ehrenmitglieder des Vereins sind<\/strong>:<br>Roland Herr<br>Reiner Huck<br>Paul Kunz<br>Robert Ostertag<br>Ewald Seckler<\/p>\n\n\n\n<h5>Vereinssatzung<\/h5>\n\n\n\n<div class=\"wp-block-file\"><a id=\"wp-block-file--media-9beeb043-4d1a-4a9f-a7ac-77900713d788\" href=\"https:\/\/sv-oostal.de\/wp-content\/uploads\/2022\/07\/2019-05-24-S-A-T-Z-U-N-G-Stand-2020-01-29.pdf\" target=\"_blank\" rel=\"noreferrer noopener\">Vereinssatzung_Download<\/a><a href=\"https:\/\/sv-oostal.de\/wp-content\/uploads\/2022\/07\/2019-05-24-S-A-T-Z-U-N-G-Stand-2020-01-29.pdf\" class=\"wp-block-file__button\" download aria-describedby=\"wp-block-file--media-9beeb043-4d1a-4a9f-a7ac-77900713d788\">Herunterladen<\/a><\/div>\n","protected":false},"excerpt":{"rendered":"<p>Der Sch\u00fctzenverein Oostal 1905 Baden-Baden e. V. ist gemeinn\u00fctzig und Mitglied im &#8222;Sch\u00fctzenkreis 1 Mittelbaden\u201c, \u00fcbergeordnet im S\u00fcdbadischen Sportsch\u00fctzenverband (SBSV) und im Deutschen Sch\u00fctzenbund (DSB), dem Dachverband der deutschen Sportsch\u00fctzen. Mit \u00fcber knapp 100 Mitgliedern ist der SV Oostal einer der sechs Baden-Badener Sch\u00fctzenvereine. ANSCHRIFT&nbsp; Sch\u00fctzenverein Oostal 1905 Baden-Baden e. V.Steinbruchweg 2076534 Baden-BadenTelefon: +49(0)7221 9760920 &hellip; <\/p>\n<p class=\"link-more\"><a href=\"https:\/\/sv-oostal.de\/?page_id=38\" class=\"more-link\"><span class=\"screen-reader-text\">\u201eWir \u00fcber uns\u201c<\/span> weiterlesen<\/a><\/p>\n","protected":false},"author":1,"featured_media":0,"parent":0,"menu_order":0,"comment_status":"closed","ping_status":"closed","template":"","meta":[],"_links":{"self":[{"href":"https:\/\/sv-oostal.de\/index.php?rest_route=\/wp\/v2\/pages\/38"}],"collection":[{"href":"https:\/\/sv-oostal.de\/index.php?rest_route=\/wp\/v2\/pages"}],"about":[{"href":"https:\/\/sv-oostal.de\/index.php?rest_route=\/wp\/v2\/types\/page"}],"author":[{"embeddable":true,"href":"https:\/\/sv-oostal.de\/index.php?rest_route=\/wp\/v2\/users\/1"}],"replies":[{"embeddable":true,"href":"https:\/\/sv-oostal.de\/index.php?rest_route=%2Fwp%2Fv2%2Fcomments&post=38"}],"version-history":[{"count":12,"href":"https:\/\/sv-oostal.de\/index.php?rest_route=\/wp\/v2\/pages\/38\/revisions"}],"predecessor-version":[{"id":411,"href":"https:\/\/sv-oostal.de\/index.php?rest_route=\/wp\/v2\/pages\/38\/revisions\/411"}],"wp:attachment":[{"href":"https:\/\/sv-oostal.de\/index.php?rest_route=%2Fwp%2Fv2%2Fmedia&parent=38"}],"curies":[{"name":"wp","href":"https:\/\/api.w.org\/{rel}","templated":true}]}}