{"id":35,"date":"2022-03-27T19:03:06","date_gmt":"2022-03-27T19:03:06","guid":{"rendered":"https:\/\/sv-oostal.de\/?page_id=35"},"modified":"2022-03-27T19:03:06","modified_gmt":"2022-03-27T19:03:06","slug":"anfahrt","status":"publish","type":"page","link":"https:\/\/sv-oostal.de\/?page_id=35","title":{"rendered":"Anfahrt"},"content":{"rendered":"\n<p>Die Schie\u00dfsportanlage liegt im Baden-Badener Stadtwald, am Rande des Stadtteils Lichtental in einem ehemaligen Steinbruch, nur wenige 100 Meter von der Schwarzwaldhochstra\u00dfe (B 500) entfernt.<\/p>\n\n\n\n<h5>Anfahrtsbeschreibung von der Autobahn A5<\/h5>\n\n\n\n<p>(Basel-Karlsruhe):<br>Autobahnkreuz Baden-Baden Richtung Baden-Baden City fahren (B500). Der 4-spurigen Schnellstra\u00dfe folgend in den Tunnel hineinfahren (Richtung Freudenstadt\/B500). Nach dem Gasthaus &#8222;Gr\u00fcner Berg&#8220; und dem Gasthaus &#8222;Felsen&#8220;, welche beide linkerhand sind, biegen Sie rechts ab und folgen \u00fcber eine Br\u00fccke, dem Steinbruchweg, bergw\u00e4rts weiter bis zum Waldrand, nach wenigen Metern finden Sie auf der rechten Seite die Einfahrt zum Parkplatz bei unserem Sch\u00fctzenhaus.<\/p>\n\n\n\n<h5>Anfahrtsbeschreibung von Freudenstadt auf der B500 &#8222;Schwarzwaldhochstra\u00dfe&#8220; kommend:<\/h5>\n\n\n\n<p>Nach der Einfahrt in den Stadtteil Geroldsau folgen Sie der B500 weiter (ca. 2km), bis auf der rechten Seite als markanten Punkt die &#8222;B\u00e4ckerei Seitz&#8220; erkennen. Nach wenigen Metern biegen Sie links \u00fcber eine Br\u00fccke ab und folgen bergw\u00e4rts dem Steinbruchweg weiter bis zum Waldrand. Nach wenigen Metern finden Sie auf der rechten Seite die Einfahrt zum Parkplatz bei unserem Sch\u00fctzenhaus.<\/p>\n\n\n\n<figure class=\"wp-block-image size-full\"><img loading=\"lazy\" width=\"375\" height=\"481\" src=\"https:\/\/sv-oostal.de\/wp-content\/uploads\/2022\/03\/Lage.jpg\" alt=\"\" class=\"wp-image-36\" srcset=\"https:\/\/sv-oostal.de\/wp-content\/uploads\/2022\/03\/Lage.jpg 375w, https:\/\/sv-oostal.de\/wp-content\/uploads\/2022\/03\/Lage-234x300.jpg 234w\" sizes=\"(max-width: 375px) 100vw, 375px\" \/><\/figure>\n","protected":false},"excerpt":{"rendered":"<p>Die Schie\u00dfsportanlage liegt im Baden-Badener Stadtwald, am Rande des Stadtteils Lichtental in einem ehemaligen Steinbruch, nur wenige 100 Meter von der Schwarzwaldhochstra\u00dfe (B 500) entfernt. Anfahrtsbeschreibung von der Autobahn A5 (Basel-Karlsruhe):Autobahnkreuz Baden-Baden Richtung Baden-Baden City fahren (B500). Der 4-spurigen Schnellstra\u00dfe folgend in den Tunnel hineinfahren (Richtung Freudenstadt\/B500). Nach dem Gasthaus &#8222;Gr\u00fcner Berg&#8220; und dem Gasthaus &hellip; <\/p>\n<p class=\"link-more\"><a href=\"https:\/\/sv-oostal.de\/?page_id=35\" class=\"more-link\"><span class=\"screen-reader-text\">\u201eAnfahrt\u201c<\/span> weiterlesen<\/a><\/p>\n","protected":false},"author":1,"featured_media":0,"parent":0,"menu_order":0,"comment_status":"closed","ping_status":"closed","template":"","meta":[],"_links":{"self":[{"href":"https:\/\/sv-oostal.de\/index.php?rest_route=\/wp\/v2\/pages\/35"}],"collection":[{"href":"https:\/\/sv-oostal.de\/index.php?rest_route=\/wp\/v2\/pages"}],"about":[{"href":"https:\/\/sv-oostal.de\/index.php?rest_route=\/wp\/v2\/types\/page"}],"author":[{"embeddable":true,"href":"https:\/\/sv-oostal.de\/index.php?rest_route=\/wp\/v2\/users\/1"}],"replies":[{"embeddable":true,"href":"https:\/\/sv-oostal.de\/index.php?rest_route=%2Fwp%2Fv2%2Fcomments&post=35"}],"version-history":[{"count":1,"href":"https:\/\/sv-oostal.de\/index.php?rest_route=\/wp\/v2\/pages\/35\/revisions"}],"predecessor-version":[{"id":37,"href":"https:\/\/sv-oostal.de\/index.php?rest_route=\/wp\/v2\/pages\/35\/revisions\/37"}],"wp:attachment":[{"href":"https:\/\/sv-oostal.de\/index.php?rest_route=%2Fwp%2Fv2%2Fmedia&parent=35"}],"curies":[{"name":"wp","href":"https:\/\/api.w.org\/{rel}","templated":true}]}}