{"id":30,"date":"2022-03-27T18:55:31","date_gmt":"2022-03-27T18:55:31","guid":{"rendered":"https:\/\/sv-oostal.de\/?page_id=30"},"modified":"2024-11-02T15:13:33","modified_gmt":"2024-11-02T15:13:33","slug":"mitgliedschaft","status":"publish","type":"page","link":"https:\/\/sv-oostal.de\/?page_id=30","title":{"rendered":"Mitgliedschaft"},"content":{"rendered":"\n<h3>AUFNAHMEGEB\u00dcHR UND MITGLIEDSBEITR\u00c4GE:<\/h3>\n\n\n\n<h5><strong>Aufnahmegeb\u00fchr<\/strong><\/h5>\n\n\n\n<ul><li>f\u00fcr Erwachsene = 60,00 Euro<\/li><li>f\u00fcr Ehepartner und Familienmitglieder = 30,00 Euro<\/li><li>f\u00fcr Jugendliche bis 21 Jahre = 20,00 Euro&nbsp;<\/li><\/ul>\n\n\n\n<h5><strong>Jahresbeitrag<\/strong><\/h5>\n\n\n\n<ul><li>f\u00fcr Erwachsene = 38,00 Euro<\/li><li>f\u00fcr Jugendliche bis 21 Jahre = 20,00 Euro<\/li><\/ul>\n\n\n\n<h5><strong>Abteilungsbeitrag (f\u00fcr aktive Mitglieder)<\/strong><\/h5>\n\n\n\n<ul><li>f\u00fcr Luftdruckwaffen (Gewehr oder Pistole) = 75,00 Euro<\/li><li>f\u00fcr Kleinkaliber (Gewehr oder Pistole) = 80,00 Euro<\/li><li>f\u00fcr Gro\u00dfkaliber (Pistole) = 100,00 Euro<\/li><li>f\u00fcr komplette Schie\u00dfanlage =\u00a0\u00a0100,00 Euro<\/li><\/ul>\n\n\n\n<p>Ab dem 2. Mitgliedsjahr verringert sich der Abteilungsbeitrag um 50,00 Euro bei mindestens 10 geleisteten Arbeitsstunden.<\/p>\n\n\n\n<h5><strong>Tagesstandgeld<\/strong><\/h5>\n\n\n\n<p>F\u00fcr passive Mitglieder und G\u00e4ste =&nbsp;&nbsp;10,00 Euro pro Tag<br>Schie\u00dfscheiben und Luftdruckmunition sind im Preis enthalten.&nbsp;<br>Kleinkaliber-Munition kann am Stand erworben werden.<br>Gro\u00dfkaliber-Munition ist mitzubringen.<\/p>\n\n\n\n<h5>Lastschriftverfahren<\/h5>\n\n\n\n<p>Jahres- und Abteilungsbeitr\u00e4ge werden in der Regel per Bankeinzug bezahlt.&nbsp;<\/p>\n\n\n\n<p>Mitglieder ohne Bankeinzug sollten ihren Jahres- und Abteilungsbeitrag zu Beginn des Jahres \u00fcberweisen oder zum ersten Schie\u00dfen mitbringen.<\/p>\n\n\n\n<div class=\"wp-block-file\"><a id=\"wp-block-file--media-5064c6b0-f091-4daf-99ef-a207226c8f19\" href=\"https:\/\/sv-oostal.de\/wp-content\/uploads\/2022\/07\/SEPA-Mandat_ausfuellbar.pdf\">SEPA-Mandat Formular<\/a><a href=\"https:\/\/sv-oostal.de\/wp-content\/uploads\/2022\/07\/SEPA-Mandat_ausfuellbar.pdf\" class=\"wp-block-file__button\" download aria-describedby=\"wp-block-file--media-5064c6b0-f091-4daf-99ef-a207226c8f19\">Herunterladen<\/a><\/div>\n\n\n\n<h5><strong>Mitglied werden<\/strong><\/h5>\n\n\n\n<p>Mitglied kann jede\/r werden, die\/der einen ordentlichen Antrag stellt und ein Mindestalter von 12 Jahren erreicht hat (f\u00fcr Minderj\u00e4hrige wird die Einverst\u00e4ndniserkl\u00e4rung der Erziehungsberechtigten ben\u00f6tigt). <\/p>\n\n\n\n<p><strong>\u00dcber die endg\u00fcltige Aufnahme entscheidet der Vorstand.<\/strong><\/p>\n\n\n\n<div class=\"wp-block-file\"><a id=\"wp-block-file--media-28299f2f-8a0e-47a0-b788-2b416d3f6ecf\" href=\"https:\/\/sv-oostal.de\/wp-content\/uploads\/2022\/07\/Aufnahmeformular_ausfuellbar.pdf\">Aufnahmeformular<\/a><a href=\"https:\/\/sv-oostal.de\/wp-content\/uploads\/2022\/07\/Aufnahmeformular_ausfuellbar.pdf\" class=\"wp-block-file__button\" download aria-describedby=\"wp-block-file--media-28299f2f-8a0e-47a0-b788-2b416d3f6ecf\">Herunterladen<\/a><\/div>\n","protected":false},"excerpt":{"rendered":"<p>AUFNAHMEGEB\u00dcHR UND MITGLIEDSBEITR\u00c4GE: Aufnahmegeb\u00fchr f\u00fcr Erwachsene = 60,00 Euro f\u00fcr Ehepartner und Familienmitglieder = 30,00 Euro f\u00fcr Jugendliche bis 21 Jahre = 20,00 Euro&nbsp; Jahresbeitrag f\u00fcr Erwachsene = 38,00 Euro f\u00fcr Jugendliche bis 21 Jahre = 20,00 Euro Abteilungsbeitrag (f\u00fcr aktive Mitglieder) f\u00fcr Luftdruckwaffen (Gewehr oder Pistole) = 75,00 Euro f\u00fcr Kleinkaliber (Gewehr oder Pistole) &hellip; <\/p>\n<p class=\"link-more\"><a href=\"https:\/\/sv-oostal.de\/?page_id=30\" class=\"more-link\"><span class=\"screen-reader-text\">\u201eMitgliedschaft\u201c<\/span> weiterlesen<\/a><\/p>\n","protected":false},"author":1,"featured_media":0,"parent":0,"menu_order":0,"comment_status":"closed","ping_status":"closed","template":"","meta":[],"_links":{"self":[{"href":"https:\/\/sv-oostal.de\/index.php?rest_route=\/wp\/v2\/pages\/30"}],"collection":[{"href":"https:\/\/sv-oostal.de\/index.php?rest_route=\/wp\/v2\/pages"}],"about":[{"href":"https:\/\/sv-oostal.de\/index.php?rest_route=\/wp\/v2\/types\/page"}],"author":[{"embeddable":true,"href":"https:\/\/sv-oostal.de\/index.php?rest_route=\/wp\/v2\/users\/1"}],"replies":[{"embeddable":true,"href":"https:\/\/sv-oostal.de\/index.php?rest_route=%2Fwp%2Fv2%2Fcomments&post=30"}],"version-history":[{"count":10,"href":"https:\/\/sv-oostal.de\/index.php?rest_route=\/wp\/v2\/pages\/30\/revisions"}],"predecessor-version":[{"id":364,"href":"https:\/\/sv-oostal.de\/index.php?rest_route=\/wp\/v2\/pages\/30\/revisions\/364"}],"wp:attachment":[{"href":"https:\/\/sv-oostal.de\/index.php?rest_route=%2Fwp%2Fv2%2Fmedia&parent=30"}],"curies":[{"name":"wp","href":"https:\/\/api.w.org\/{rel}","templated":true}]}}