{"id":108,"date":"2022-07-27T17:46:47","date_gmt":"2022-07-27T17:46:47","guid":{"rendered":"https:\/\/sv-oostal.de\/?page_id=108"},"modified":"2025-12-16T07:32:02","modified_gmt":"2025-12-16T07:32:02","slug":"termine","status":"publish","type":"page","link":"https:\/\/sv-oostal.de\/?page_id=108","title":{"rendered":"Termine"},"content":{"rendered":"\n<p><br><strong>Sonntag, 30. November, bis Sonntag, 28. Dezember 2025<\/strong><br><strong>Vereinsmeisterschaft des SV Oostal<\/strong><br><strong>Disziplinen: KK-Gewehr und Luftdruckwaffen<\/strong><br><strong>sowie Abgabe K\u00f6nigsschuss<\/strong><\/p>\n\n\n\n<p><strong>Mittwoch, 24. Dezember 2025 (Heiligabend) <br>kein Schie\u00dfbetrieb<\/strong><\/p>\n\n\n\n<p><strong>Mittwoch, 31. Dezember 2025 (Silvester)<br>kein Schie\u00dfbetrieb<\/strong><\/p>\n\n\n\n<p><strong>Dienstag, 6. Januar 2025, 11.00 Uhr<br>K\u00f6nigsfeier mit Siegerehrung Vereinsmeisterschaft<br>im Sch\u00fctzenhaus<\/strong><\/p>\n","protected":false},"excerpt":{"rendered":"<p>Sonntag, 30. November, bis Sonntag, 28. Dezember 2025Vereinsmeisterschaft des SV OostalDisziplinen: KK-Gewehr und Luftdruckwaffensowie Abgabe K\u00f6nigsschuss Mittwoch, 24. Dezember 2025 (Heiligabend) kein Schie\u00dfbetrieb Mittwoch, 31. Dezember 2025 (Silvester)kein Schie\u00dfbetrieb Dienstag, 6. Januar 2025, 11.00 UhrK\u00f6nigsfeier mit Siegerehrung Vereinsmeisterschaftim Sch\u00fctzenhaus<\/p>\n","protected":false},"author":1,"featured_media":0,"parent":0,"menu_order":0,"comment_status":"closed","ping_status":"closed","template":"","meta":[],"_links":{"self":[{"href":"https:\/\/sv-oostal.de\/index.php?rest_route=\/wp\/v2\/pages\/108"}],"collection":[{"href":"https:\/\/sv-oostal.de\/index.php?rest_route=\/wp\/v2\/pages"}],"about":[{"href":"https:\/\/sv-oostal.de\/index.php?rest_route=\/wp\/v2\/types\/page"}],"author":[{"embeddable":true,"href":"https:\/\/sv-oostal.de\/index.php?rest_route=\/wp\/v2\/users\/1"}],"replies":[{"embeddable":true,"href":"https:\/\/sv-oostal.de\/index.php?rest_route=%2Fwp%2Fv2%2Fcomments&post=108"}],"version-history":[{"count":41,"href":"https:\/\/sv-oostal.de\/index.php?rest_route=\/wp\/v2\/pages\/108\/revisions"}],"predecessor-version":[{"id":426,"href":"https:\/\/sv-oostal.de\/index.php?rest_route=\/wp\/v2\/pages\/108\/revisions\/426"}],"wp:attachment":[{"href":"https:\/\/sv-oostal.de\/index.php?rest_route=%2Fwp%2Fv2%2Fmedia&parent=108"}],"curies":[{"name":"wp","href":"https:\/\/api.w.org\/{rel}","templated":true}]}}